{"id":103,"date":"2023-07-27T15:10:51","date_gmt":"2023-07-27T15:10:51","guid":{"rendered":"https:\/\/corgadacha.com\/store\/?page_id=103"},"modified":"2023-07-27T15:10:51","modified_gmt":"2023-07-27T15:10:51","slug":"cookies","status":"publish","type":"page","link":"https:\/\/corgadacha.com\/store\/cookies\/","title":{"rendered":"Cookies"},"content":{"rendered":"\n<h3 class=\"wp-block-heading\">O que s\u00e3o cookies?<\/h3>\n\n\n\n<p>O cookie \u00e9 um ficheiro de informa\u00e7\u00e3o automaticamente colocado nos discos r\u00edgidos dos computadores dos utilizadores, quando estes acedem a determinados websites. O cookie identifica o seu programa de navega\u00e7\u00e3o no servidor, possibilitando o armazenamento de informa\u00e7\u00e3o no mesmo, a fim de melhorar as experi\u00eancias web dos utilizadores, obter mais informa\u00e7\u00f5es relativamente \u00e0 sua utiliza\u00e7\u00e3o do nosso site e\/ou para promover a maior utilidade do mesmo.<\/p>\n\n\n\n<p>A maioria dos programas de navega\u00e7\u00e3o est\u00e1 definida para aceitar cookies, embora seja poss\u00edvel configurar o navegador para recus\u00e1-los (ver abaixo), ou para indicar quando um cookie est\u00e1 a ser enviado. Note-se, no entanto, que algumas partes do nosso website poder\u00e3o n\u00e3o funcionar corretamente, caso tenha recusado os cookies.<\/p>\n\n\n\n<h3 class=\"wp-block-heading\">Porque \u00e9 que utilizamos cookies?<\/h3>\n\n\n\n<p>A Loja Online da Corga da Ch\u00e3 utiliza cookies no seu website (diretamente ou atrav\u00e9s dos seus parceiros). Os cookies recolhidos s\u00e3o utilizados exclusivamente pela Loja Online da Corga da Ch\u00e3, diretamente ou atrav\u00e9s dos seus prestadores de servi\u00e7os, com exce\u00e7\u00e3o dos cookies Google Analytics empregues no website. Poder\u00e1 obter informa\u00e7\u00e3o adicional sobre a forma e termos em que o Google tratar\u00e1 os seus dados em&nbsp;<a href=\"https:\/\/developers.google.com\/analytics\/resources\/concepts\/gaConceptsCookies\">https:\/\/developers.google.com\/analytics\/resources\/concepts\/gaConceptsCookies<\/a>.<\/p>\n\n\n\n<p>A utiliza\u00e7\u00e3o de cookies visa melhorar o desempenho do nosso website e maximizar a sua experi\u00eancia ao navegar no mesmo, bem como para efeitos de marketing e otimiza\u00e7\u00e3o das solu\u00e7\u00f5es e servi\u00e7os que a Loja Online da Corga da Ch\u00e3 presta aos utilizadores do nosso website.<\/p>\n\n\n\n<h3 class=\"wp-block-heading\">Como bloquear\/desativar Cookies<\/h3>\n\n\n\n<p>Todos os browsers permitem ao respetivo utilizador aceitar, recusar ou apagar cookies, nomeadamente atrav\u00e9s da sele\u00e7\u00e3o das defini\u00e7\u00f5es apropriadas no respetivo navegador.<\/p>\n\n\n\n<p>Tenha em aten\u00e7\u00e3o, no entanto, que a desativa\u00e7\u00e3o dos cookies pode afetar, parcial ou totalmente, a sua experi\u00eancia de navega\u00e7\u00e3o no nosso website.<\/p>\n\n\n\n<p>Pode configurar os cookies no menu &#8220;op\u00e7\u00f5es&#8221; ou &#8220;prefer\u00eancias&#8221; do seu browser. Abaixo, indicamos as v\u00e1rias formas de desativa\u00e7\u00e3o dos cookies, dependendo do seu browser:<\/p>\n\n\n\n<h4 class=\"wp-block-heading\">Microsoft Edge<\/h4>\n\n\n\n<ol class=\"wp-block-list\">\n<li>Abra o menu (3 pontos no canto superior direito) e escolha a op\u00e7\u00e3o &#8220;Defini\u00e7\u00f5es&#8221;;<\/li>\n\n\n\n<li>Selecione o separador &#8220;Privacidade e Seguran\u00e7a&#8221;;<\/li>\n\n\n\n<li>Na op\u00e7\u00e3o Cookies escolha &#8220;Bloquear todos os cookies&#8221;.<\/li>\n<\/ol>\n\n\n\n<h4 class=\"wp-block-heading\">Mozilla Firefox<\/h4>\n\n\n\n<ol class=\"wp-block-list\">\n<li>Abra o menu (3 tracinhos no canto superior direito) e seleccione &#8220;Op\u00e7\u00f5es&#8221;;<\/li>\n\n\n\n<li>Selecione o separador &#8220;Privacidade e Seguran\u00e7a&#8221;;<\/li>\n\n\n\n<li>Na sec\u00e7\u00e3o &#8220;Prote\u00e7\u00e3o melhorada contra a monitoriza\u00e7\u00e3o&#8221; escolha a op\u00e7\u00e3o &#8220;Rigorosa&#8221;,<\/li>\n<\/ol>\n\n\n\n<h4 class=\"wp-block-heading\">Google Chrome<\/h4>\n\n\n\n<ol class=\"wp-block-list\">\n<li>Abra o menu (3 pontos no canto superior direito) e escolha a op\u00e7\u00e3o &#8220;Configura\u00e7\u00f5es&#8221;;<\/li>\n\n\n\n<li>Selecione o separador &#8220;Privacidade e Seguran\u00e7a&#8221; e depois em &#8220;Configura\u00e7\u00f5es do Site&#8221;;;<\/li>\n\n\n\n<li>No separador &#8220;Permiss\u00f5es&#8221; clique em &#8220;Cookies e Dados do Site&#8221;;;<\/li>\n\n\n\n<li>Desativar a op\u00e7\u00e3o &#8220;Permitir que os sites salvem e leiam os dados de arquivos &#8220;cookies&#8221; e\/ou activar a op\u00e7\u00e3o &#8220;Bloquear cookies de terceiros&#8221;.<\/li>\n<\/ol>\n\n\n\n<h4 class=\"wp-block-heading\">Iphone (Safari )<\/h4>\n\n\n\n<ol class=\"wp-block-list\">\n<li>Abrir as defini\u00e7\u00f5es do Seu iPhone e escolha &#8220;Safari&#8221;;<\/li>\n\n\n\n<li>Abra o separador &#8220;Privacidade e Seguran\u00e7a&#8221;;<\/li>\n\n\n\n<li>Active &#8220;Bloquear todos os Cookies&#8221;.<\/li>\n<\/ol>\n\n\n\n<h4 class=\"wp-block-heading\">Mac (Safari )<\/h4>\n\n\n\n<ol class=\"wp-block-list\">\n<li>Clique em &#8220;Safari&#8221; e depois em &#8220;Prefer\u00eancias&#8221;;<\/li>\n\n\n\n<li>Abra o separador &#8220;Privacidade&#8221;;<\/li>\n\n\n\n<li>Escolha &#8220;Bloquear todos os Cookies&#8221;.<\/li>\n<\/ol>\n\n\n\n<p><\/p>\n\n\n\n<p>A Loja Online da Corga da Ch\u00e3 reserva-se o direito de, a qualquer momento, sem necessidade de aviso pr\u00e9vio e com efeitos imediatos, alterar, adicionar, atualizar ou eliminar, parcial ou totalmente, a presente informa\u00e7\u00e3o sobre cookies.<br><br>O utilizador deve consultar periodicamente esta p\u00e1gina para confirmar se foram efetuadas quaisquer atualiza\u00e7\u00f5es ou altera\u00e7\u00f5es.<\/p>\n","protected":false},"excerpt":{"rendered":"<p>O que s\u00e3o cookies? O cookie \u00e9 um ficheiro de informa\u00e7\u00e3o automaticamente colocado nos discos r\u00edgidos dos computadores dos utilizadores, quando estes acedem a determinados websites. O cookie identifica o seu programa de navega\u00e7\u00e3o no servidor, possibilitando o armazenamento de informa\u00e7\u00e3o no mesmo, a fim de melhorar as experi\u00eancias web dos utilizadores, obter mais informa\u00e7\u00f5es [&hellip;]<\/p>\n","protected":false},"author":1,"featured_media":0,"parent":0,"menu_order":0,"comment_status":"closed","ping_status":"closed","template":"","meta":{"footnotes":""},"class_list":["post-103","page","type-page","status-publish","hentry"],"_links":{"self":[{"href":"https:\/\/corgadacha.com\/store\/wp-json\/wp\/v2\/pages\/103","targetHints":{"allow":["GET"]}}],"collection":[{"href":"https:\/\/corgadacha.com\/store\/wp-json\/wp\/v2\/pages"}],"about":[{"href":"https:\/\/corgadacha.com\/store\/wp-json\/wp\/v2\/types\/page"}],"author":[{"embeddable":true,"href":"https:\/\/corgadacha.com\/store\/wp-json\/wp\/v2\/users\/1"}],"replies":[{"embeddable":true,"href":"https:\/\/corgadacha.com\/store\/wp-json\/wp\/v2\/comments?post=103"}],"version-history":[{"count":1,"href":"https:\/\/corgadacha.com\/store\/wp-json\/wp\/v2\/pages\/103\/revisions"}],"predecessor-version":[{"id":104,"href":"https:\/\/corgadacha.com\/store\/wp-json\/wp\/v2\/pages\/103\/revisions\/104"}],"wp:attachment":[{"href":"https:\/\/corgadacha.com\/store\/wp-json\/wp\/v2\/media?parent=103"}],"curies":[{"name":"wp","href":"https:\/\/api.w.org\/{rel}","templated":true}]}}