{"id":107,"date":"2023-07-27T15:32:45","date_gmt":"2023-07-27T15:32:45","guid":{"rendered":"https:\/\/corgadacha.com\/store\/?page_id=107"},"modified":"2023-07-27T15:32:45","modified_gmt":"2023-07-27T15:32:45","slug":"formulario-de-contacto","status":"publish","type":"page","link":"https:\/\/corgadacha.com\/store\/formulario-de-contacto\/","title":{"rendered":"Formul\u00e1rio de Contacto"},"content":{"rendered":"\n<form  class=\"kaliforms-form-container bootstrap-wrapper  \" data-form-id=\"106\" style=\"opacity:0\"><div id=\"kaliforms-global-error-message-106\" class=\"global-error-message\"><\/div><div class=\"row kali-form-field-row\"><div class=\"col-12 col-md-12 \"><span  data-internal-id=\"freetext1\" type=\"freeText\" id=\"greetings\" name=\"greetings\">Ol\u00e1, por favor preencha o nosso formul\u00e1rio de contacto e em breve ser\u00e1 contactado pela nossa equipa com uma resposta \u00e0 sua quest\u00e3o. Obrigado.<\/span><\/div><\/div><div class=\"row kali-form-field-row\"><div class=\"col-12\"><hr \/><\/div><\/div><div class=\"row kali-form-field-row\"><div class=\"col-12 col-md-12 \"><label  for=\"textbox3\">Nome <span class=\"kali-required-mark\"><\/span><\/label><input  data-internal-id=\"textbox3\" type=\"text\" id=\"textbox3\" name=\"Nome\" data-properties.type=\"text\"  placeholder=\"Introduza nome e apelido\"required ><\/div><\/div><div class=\"row kali-form-field-row\"><div class=\"col-12 col-md-12 \"><label  for=\"textbox34\">Email <span class=\"kali-required-mark\"><\/span><\/label><input  data-internal-id=\"textbox4\" type=\"text\" id=\"textbox34\" name=\"Email\" data-properties.type=\"text\"  placeholder=\"Introduza o email onde quer receber a nossa resposta\"required ><\/div><\/div><div class=\"row kali-form-field-row\"><div class=\"col-12 col-md-12 \"><label  for=\"textbox345\">Contacto Telef\u00f3nico<\/label><input  data-internal-id=\"textbox5\" type=\"text\" id=\"textbox345\" name=\"telefone\" data-properties.type=\"text\"  placeholder=\"Introduza o seu n\u00famero de telefone\/telem\u00f3vel\"><small>campo opcional<\/small><\/div><\/div><div class=\"row kali-form-field-row\"><div class=\"col-12\"><hr \/><\/div><\/div><div class=\"row kali-form-field-row\"><div class=\"col-12 col-md-12 \"><label  for=\"dropdown7\">Assunto <span class=\"kali-required-mark\"><\/span><\/label><select  data-internal-id=\"dropdown7\" type=\"dropdown\" id=\"dropdown7\" name=\"Assunto\"required  class=\"input\"><option value=\"Quest\u00f5es Loja Online\" >Quest\u00f5es Loja Online<\/option><option value=\"Outros Assuntos\" >Outros Assuntos<\/option><\/select><small>por favor escolha a op\u00e7\u00e3o que mais se adequa ao motivo do seu contacto<\/small><\/div><\/div><div class=\"row kali-form-field-row\"><div class=\"col-12 col-md-12 \"><label  for=\"textarea8\">Mensagem <span class=\"kali-required-mark\"><\/span><\/label><textarea  data-internal-id=\"textarea8\" type=\"textarea\" id=\"textarea8\" name=\"Mensagem\" placeholder=\"Por favor detalhe ao m\u00e1ximo as raz\u00f5es do seu contacto\" rows=\"5\"required  class=\"input\"><\/textarea><\/div><\/div><div class=\"row kali-form-field-row\"><div class=\"col-12\"><hr \/><\/div><\/div><div class=\"row kali-form-field-row\"><div class=\"col-12 col-md-12 \"><input  data-internal-id=\"submitbutton10\" type=\"submit\" id=\"submitButton10\" data-style=\"default\"  name=\"submitButton10\" class=\"input\" value=\"Enviar Mensagem\" ><\/div><\/div><!-- This form was built using Kali Forms --><\/form>\n","protected":false},"excerpt":{"rendered":"","protected":false},"author":1,"featured_media":0,"parent":0,"menu_order":0,"comment_status":"closed","ping_status":"closed","template":"","meta":{"footnotes":""},"class_list":["post-107","page","type-page","status-publish","hentry"],"_links":{"self":[{"href":"https:\/\/corgadacha.com\/store\/wp-json\/wp\/v2\/pages\/107","targetHints":{"allow":["GET"]}}],"collection":[{"href":"https:\/\/corgadacha.com\/store\/wp-json\/wp\/v2\/pages"}],"about":[{"href":"https:\/\/corgadacha.com\/store\/wp-json\/wp\/v2\/types\/page"}],"author":[{"embeddable":true,"href":"https:\/\/corgadacha.com\/store\/wp-json\/wp\/v2\/users\/1"}],"replies":[{"embeddable":true,"href":"https:\/\/corgadacha.com\/store\/wp-json\/wp\/v2\/comments?post=107"}],"version-history":[{"count":2,"href":"https:\/\/corgadacha.com\/store\/wp-json\/wp\/v2\/pages\/107\/revisions"}],"predecessor-version":[{"id":109,"href":"https:\/\/corgadacha.com\/store\/wp-json\/wp\/v2\/pages\/107\/revisions\/109"}],"wp:attachment":[{"href":"https:\/\/corgadacha.com\/store\/wp-json\/wp\/v2\/media?parent=107"}],"curies":[{"name":"wp","href":"https:\/\/api.w.org\/{rel}","templated":true}]}}