{"id":120,"date":"2023-07-27T16:27:38","date_gmt":"2023-07-27T16:27:38","guid":{"rendered":"https:\/\/corgadacha.com\/store\/?page_id=120"},"modified":"2023-07-27T16:27:38","modified_gmt":"2023-07-27T16:27:38","slug":"perguntas-frequentes","status":"publish","type":"page","link":"https:\/\/corgadacha.com\/store\/perguntas-frequentes\/","title":{"rendered":"Perguntas Frequentes"},"content":{"rendered":"<style>.ewd-ufaq-post-margin-symbol span {\r\nfont-family:&#039;ewd-toggle-icon&#039;!important;\r\n}<\/style><div  class=\"ewd-ufaq-faq-list ewd-ufaq-page-type-distinct\" id='ewd-ufaq-faq-list'>\n\n\t<input type='hidden' name='show_on_load' value='' id='ewd-ufaq-show-on-load' \/>\n<input type='hidden' name='include_category' value='' id='ewd-ufaq-include-category' \/>\n<input type='hidden' name='exclude_category' value='' id='ewd-ufaq-exclude-category' \/>\n<input type='hidden' name='orderby' value='modified' id='ewd-ufaq-orderby' \/>\n<input type='hidden' name='order' value='asc' id='ewd-ufaq-order' \/>\n<input type='hidden' name='post_count' value='-1' id='ewd-ufaq-post-count' \/>\n<input type='hidden' name='current_url' value='\/store\/wp-json\/wp\/v2\/pages\/120' id='ewd-ufaq-current-url' \/>\n\t\n\t\n\t<div class='ewd-ufaq-faqs'>\n\n\t\t<div id='ewd-ufaq-faq-category-1-questoes-gerais' class='ewd-ufaq-faq-category'>\n\t\n\t<div class='ewd-ufaq-faq-category-title '  >\n\t\t\n\t\t<h3 title=\"Click here to open Quest\u00f5es Gerais\">\n\t\t\tQuest\u00f5es Gerais\t\t\t\t\t<\/h3>\n\t\n\t<\/div>\n\t\n\t<div class='ewd-ufaq-faq-category-inner ' >\n<div  class=\"ewd-ufaq-faq-div ewd-ufaq-faq-column-count-one ewd-ufaq-faq-responsive-columns- ewd-ufaq-faq-display-style-default ewd-ufaq-can-be-toggled\" id='ewd-ufaq-post-116-fIS9y7dhnT' data-post_id='116'>\n\n\t<div class='ewd-ufaq-faq-title ewd-ufaq-faq-toggle'>\n\t\n\t<a class='ewd-ufaq-post-margin'  href='#'>\n\n\t\t<div class='ewd-ufaq-post-margin-symbol ewd-ufaq-'>\n\t\t\t<span >a<\/span>\n\t\t<\/div>\n\n\t\t<div class='ewd-ufaq-faq-title-text'>\n\n\t\t\t<h4>\n\t\t\t\tQuem \u00e9 a Corga da Ch\u00e3\t\t\t<\/h4>\n\n\t\t<\/div>\n\n\t\t<div class='ewd-ufaq-clear'><\/div>\n\n\t<\/a>\n\t\n<\/div>\n\t\n\t<div class='ewd-ufaq-faq-body ewd-ufaq-hidden' >\n\n\t\t\n\t\t\t\n\t\t\n\t\t\t<div class='ewd-ufaq-post-margin ewd-ufaq-faq-post'>\n\t\n<p>Mais do que uma empresa, somos uma fam\u00edlia verdadeiramente apaixonada pela produ\u00e7\u00e3o de Vinho Verde.  Gera\u00e7\u00f5es que hoje se entreajudam, na esperan\u00e7a de que toda a determina\u00e7\u00e3o e vis\u00e3o dos nossos pais e av\u00f3s seja projectada num futuro de excel\u00eancia.<br><br>Para saberem ainda mais sobre n\u00f3s, podem visitar a nossa p\u00e1gina em <a rel=\"noreferrer noopener\" href=\"http:\/\/corgadacha.pt\/pt\/\" target=\"_blank\">corgadacha.pt<\/a><\/p>\n<\/div>\n\t\t\n\t\t\t\n\t\t\n\t\t\t\n\t\t\n\t\t\t\n\t\t\n\t\t\t\n\t\t\n\t\t\t\n\t\t\n\t\t\t\n\t\t\n\t\t\t\n\t\t\n\t\t\t\n\t\t\n\t<\/div>\n\n<\/div><div  class=\"ewd-ufaq-faq-div ewd-ufaq-faq-column-count-one ewd-ufaq-faq-responsive-columns- ewd-ufaq-faq-display-style-default ewd-ufaq-can-be-toggled\" id='ewd-ufaq-post-111-sl8C8oNIuU' data-post_id='111'>\n\n\t<div class='ewd-ufaq-faq-title ewd-ufaq-faq-toggle'>\n\t\n\t<a class='ewd-ufaq-post-margin'  href='#'>\n\n\t\t<div class='ewd-ufaq-post-margin-symbol ewd-ufaq-'>\n\t\t\t<span >a<\/span>\n\t\t<\/div>\n\n\t\t<div class='ewd-ufaq-faq-title-text'>\n\n\t\t\t<h4>\n\t\t\t\tOnde \u00e9 produzido o vosso vinho?\t\t\t<\/h4>\n\n\t\t<\/div>\n\n\t\t<div class='ewd-ufaq-clear'><\/div>\n\n\t<\/a>\n\t\n<\/div>\n\t\n\t<div class='ewd-ufaq-faq-body ewd-ufaq-hidden' >\n\n\t\t\n\t\t\t\n\t\t\n\t\t\t<div class='ewd-ufaq-post-margin ewd-ufaq-faq-post'>\n\t\n<p>Dirigida e orientada h\u00e1 tr\u00eas gera\u00e7\u00f5es pela nossa fam\u00edlia, a nossa quinta localiza-se em Castelo de Paiva, numa freguesia com o sugestivo nome de Para\u00edso. A mesma est\u00e1 integrada na Regi\u00e3o Demarcada dos Vinhos Verdes, sub-regi\u00e3o do Paiva.<br>Para al\u00e9m dos 6 hectares dedicados \u00e0 produ\u00e7\u00e3o de Vinho Verde, a quinta tem mais 36 hectares ocupados por floresta (repartida entre eucaliptos, pinheiros, choupos e carvalhos).<br><br><a rel=\"noreferrer noopener\" href=\"http:\/\/corgadacha.pt\/pt\/quinta.html\" target=\"_blank\">Aqui<\/a> poder\u00e1 saber mais sobre este peda\u00e7o&#8230; do Para\u00edso!<\/p>\n<\/div>\n\t\t\n\t\t\t\n\t\t\n\t\t\t\n\t\t\n\t\t\t\n\t\t\n\t\t\t\n\t\t\n\t\t\t\n\t\t\n\t\t\t\n\t\t\n\t\t\t\n\t\t\n\t\t\t\n\t\t\n\t<\/div>\n\n<\/div><div  class=\"ewd-ufaq-faq-div ewd-ufaq-faq-column-count-one ewd-ufaq-faq-responsive-columns- ewd-ufaq-faq-display-style-default ewd-ufaq-can-be-toggled\" id='ewd-ufaq-post-117-9U6ABk8yDR' data-post_id='117'>\n\n\t<div class='ewd-ufaq-faq-title ewd-ufaq-faq-toggle'>\n\t\n\t<a class='ewd-ufaq-post-margin'  href='#'>\n\n\t\t<div class='ewd-ufaq-post-margin-symbol ewd-ufaq-'>\n\t\t\t<span >a<\/span>\n\t\t<\/div>\n\n\t\t<div class='ewd-ufaq-faq-title-text'>\n\n\t\t\t<h4>\n\t\t\t\tS\u00f3 sabem fazer vinho?\t\t\t<\/h4>\n\n\t\t<\/div>\n\n\t\t<div class='ewd-ufaq-clear'><\/div>\n\n\t<\/a>\n\t\n<\/div>\n\t\n\t<div class='ewd-ufaq-faq-body ewd-ufaq-hidden' >\n\n\t\t\n\t\t\t\n\t\t\n\t\t\t<div class='ewd-ufaq-post-margin ewd-ufaq-faq-post'>\n\t\n<p>Felizmente somos verdadeiramente multifacetados \ud83d\ude42<br>Nenhum de n\u00f3s vive e trabalha em exclusivo na produ\u00e7\u00e3o de Vinho Verde, mas isso n\u00e3o impede que a nossa dedica\u00e7\u00e3o e &#8220;saber fazer&#8221; ajudem a produzir, ano ap\u00f3s ano, colheitas de qualidade, reconhecidas por cr\u00edticos  e clientes que j\u00e1 fazem parte da fam\u00edlia.<\/p>\n<\/div>\n\t\t\n\t\t\t\n\t\t\n\t\t\t\n\t\t\n\t\t\t\n\t\t\n\t\t\t\n\t\t\n\t\t\t\n\t\t\n\t\t\t\n\t\t\n\t\t\t\n\t\t\n\t\t\t\n\t\t\n\t<\/div>\n\n<\/div><div  class=\"ewd-ufaq-faq-div ewd-ufaq-faq-column-count-one ewd-ufaq-faq-responsive-columns- ewd-ufaq-faq-display-style-default ewd-ufaq-can-be-toggled\" id='ewd-ufaq-post-118-pn7EMkPyMD' data-post_id='118'>\n\n\t<div class='ewd-ufaq-faq-title ewd-ufaq-faq-toggle'>\n\t\n\t<a class='ewd-ufaq-post-margin'  href='#'>\n\n\t\t<div class='ewd-ufaq-post-margin-symbol ewd-ufaq-'>\n\t\t\t<span >a<\/span>\n\t\t<\/div>\n\n\t\t<div class='ewd-ufaq-faq-title-text'>\n\n\t\t\t<h4>\n\t\t\t\tComo posso contactar-vos?\t\t\t<\/h4>\n\n\t\t<\/div>\n\n\t\t<div class='ewd-ufaq-clear'><\/div>\n\n\t<\/a>\n\t\n<\/div>\n\t\n\t<div class='ewd-ufaq-faq-body ewd-ufaq-hidden' >\n\n\t\t\n\t\t\t\n\t\t\n\t\t\t<div class='ewd-ufaq-post-margin ewd-ufaq-faq-post'>\n\t\n<p>Seja para quest\u00f5es relacionadas com os nossos vinhos ou alguma d\u00favida que queira ver respondida em rela\u00e7\u00e3o ao funcionamento da nossa loja, teremos todo o gosto em receber o seu feedback pelos seguinte meios:<br><br>Atrav\u00e9s dos telefones:<br>Manuel Tavares\u00a0&#8211; <a href=\"tel:918 684 725\">918 684 725<\/a> <br>Nuno Gomes\u00a0&#8211; <a href=\"tel:967 063 495\">967 063 495<\/a><br>Rui Gomes\u00a0&#8211; <a href=\"tel:966 054 139\">966 054 139<\/a><br><br><\/p>\n<\/div>\n\t\t\n\t\t\t\n\t\t\n\t\t\t\n\t\t\n\t\t\t\n\t\t\n\t\t\t\n\t\t\n\t\t\t\n\t\t\n\t\t\t\n\t\t\n\t\t\t\n\t\t\n\t\t\t\n\t\t\n\t<\/div>\n\n<\/div><\/div>\n\n<\/div>\n<div id='ewd-ufaq-faq-category-2-encomendas-e-pagamentos' class='ewd-ufaq-faq-category'>\n\t\n\t<div class='ewd-ufaq-faq-category-title '  >\n\t\t\n\t\t<h3 title=\"Click here to open Encomendas e Pagamentos\">\n\t\t\tEncomendas e Pagamentos\t\t\t\t\t<\/h3>\n\t\n\t<\/div>\n\t\n\t<div class='ewd-ufaq-faq-category-inner ' >\n<div  class=\"ewd-ufaq-faq-div ewd-ufaq-faq-column-count-one ewd-ufaq-faq-responsive-columns- ewd-ufaq-faq-display-style-default ewd-ufaq-can-be-toggled\" id='ewd-ufaq-post-119-OikwBKkdkt' data-post_id='119'>\n\n\t<div class='ewd-ufaq-faq-title ewd-ufaq-faq-toggle'>\n\t\n\t<a class='ewd-ufaq-post-margin'  href='#'>\n\n\t\t<div class='ewd-ufaq-post-margin-symbol ewd-ufaq-'>\n\t\t\t<span >a<\/span>\n\t\t<\/div>\n\n\t\t<div class='ewd-ufaq-faq-title-text'>\n\n\t\t\t<h4>\n\t\t\t\tComo encomendo na vossa loja?\t\t\t<\/h4>\n\n\t\t<\/div>\n\n\t\t<div class='ewd-ufaq-clear'><\/div>\n\n\t<\/a>\n\t\n<\/div>\n\t\n\t<div class='ewd-ufaq-faq-body ewd-ufaq-hidden' >\n\n\t\t\n\t\t\t\n\t\t\n\t\t\t<div class='ewd-ufaq-post-margin ewd-ufaq-faq-post'>\n\t\n<p>O processo de encomenda na nossa Loja Online \u00e9 r\u00e1pido e muito simples:<br>1\u00ba &#8211; Registe a sua conta preenchendo todos os campos obrigat\u00f3rios;<br>2\u00ba &#8211; Adicione ao carrinho de compras os produtos desejados, tendo aten\u00e7\u00e3o \u00e0s condi\u00e7\u00f5es da nossa p\u00e1gina (nomeadamente o facto de s\u00f3 poderem ser encomendados m\u00faltiplos de 6 garrafas);<br>3\u00ba &#8211; Efectue o pagamento seleccionando um dos m\u00e9todos dispon\u00edveis e aguarde a notifica\u00e7\u00e3o da expedi\u00e7\u00e3o da encomenda;<br>4\u00ba &#8211; Sinta a frescura do Vinho Verde \ud83d\ude42<br><\/p>\n<\/div>\n\t\t\n\t\t\t\n\t\t\n\t\t\t\n\t\t\n\t\t\t\n\t\t\n\t\t\t\n\t\t\n\t\t\t\n\t\t\n\t\t\t\n\t\t\n\t\t\t\n\t\t\n\t\t\t\n\t\t\n\t<\/div>\n\n<\/div><div  class=\"ewd-ufaq-faq-div ewd-ufaq-faq-column-count-one ewd-ufaq-faq-responsive-columns- ewd-ufaq-faq-display-style-default ewd-ufaq-can-be-toggled\" id='ewd-ufaq-post-122-QAtqzj61rY' data-post_id='122'>\n\n\t<div class='ewd-ufaq-faq-title ewd-ufaq-faq-toggle'>\n\t\n\t<a class='ewd-ufaq-post-margin'  href='#'>\n\n\t\t<div class='ewd-ufaq-post-margin-symbol ewd-ufaq-'>\n\t\t\t<span >a<\/span>\n\t\t<\/div>\n\n\t\t<div class='ewd-ufaq-faq-title-text'>\n\n\t\t\t<h4>\n\t\t\t\tQuais os m\u00e9todos de pagamento dispon\u00edveis?\t\t\t<\/h4>\n\n\t\t<\/div>\n\n\t\t<div class='ewd-ufaq-clear'><\/div>\n\n\t<\/a>\n\t\n<\/div>\n\t\n\t<div class='ewd-ufaq-faq-body ewd-ufaq-hidden' >\n\n\t\t\n\t\t\t\n\t\t\n\t\t\t<div class='ewd-ufaq-post-margin ewd-ufaq-faq-post'>\n\t\n<p>Poder\u00e1 pagar a sua encomenda atrav\u00e9s de MBWAY, refer\u00eancia Multibanco ou transfer\u00eancia banc\u00e1ria:<br><br>MBWAY &#8211; Ap\u00f3s a introdu\u00e7\u00e3o do n\u00famero de telem\u00f3vel onde tem a aplica\u00e7\u00e3o instalada, receber\u00e1 uma notifica\u00e7\u00e3o para proceder ao pagamento da encomenda. Caso n\u00e3o aceite o pagamento, o mesmo ir\u00e1 expirar dentro de alguns minutos;<br><br>Refer\u00eancia Multibanco &#8211;  O sistema criar\u00e1 automaticamente uma refer\u00eancia Multibanco, a qual poder\u00e1 ser paga atrav\u00e9s da op\u00e7\u00e3o &#8220;Pagamento de Servi\u00e7os&#8221;, num terminal Multibanco ou nos canais digitais do seu banco.<br>Esta refer\u00eancia ir\u00e1 expirar ao fim de 4 dias;<br><br>Transfer\u00eancia Banc\u00e1ria &#8211; Pode fazer o pagamento da encomenda atrav\u00e9s de transfer\u00eancia banc\u00e1ria para a nossa conta com o IBAN PT50 0033 0000 45402234288 05.<\/p>\n<\/div>\n\t\t\n\t\t\t\n\t\t\n\t\t\t\n\t\t\n\t\t\t\n\t\t\n\t\t\t\n\t\t\n\t\t\t\n\t\t\n\t\t\t\n\t\t\n\t\t\t\n\t\t\n\t\t\t\n\t\t\n\t<\/div>\n\n<\/div><div  class=\"ewd-ufaq-faq-div ewd-ufaq-faq-column-count-one ewd-ufaq-faq-responsive-columns- ewd-ufaq-faq-display-style-default ewd-ufaq-can-be-toggled\" id='ewd-ufaq-post-123-vnLUw9i7k6' data-post_id='123'>\n\n\t<div class='ewd-ufaq-faq-title ewd-ufaq-faq-toggle'>\n\t\n\t<a class='ewd-ufaq-post-margin'  href='#'>\n\n\t\t<div class='ewd-ufaq-post-margin-symbol ewd-ufaq-'>\n\t\t\t<span >a<\/span>\n\t\t<\/div>\n\n\t\t<div class='ewd-ufaq-faq-title-text'>\n\n\t\t\t<h4>\n\t\t\t\tPosso alterar ou cancelar a minha encomenda?\t\t\t<\/h4>\n\n\t\t<\/div>\n\n\t\t<div class='ewd-ufaq-clear'><\/div>\n\n\t<\/a>\n\t\n<\/div>\n\t\n\t<div class='ewd-ufaq-faq-body ewd-ufaq-hidden' >\n\n\t\t\n\t\t\t\n\t\t\n\t\t\t<div class='ewd-ufaq-post-margin ewd-ufaq-faq-post'>\n\t\n<p>Caso deseje fazer alguma altera\u00e7\u00e3o ou simplesmente cancelar a sua encomenda, o ideal ser\u00e1 faz\u00ea-lo com a maior das brevidades, para tentarmos corrigir a situa\u00e7\u00e3o ainda antes da expedi\u00e7\u00e3o.<br>Caso a mesma j\u00e1 tenha sido expedida, entraremos em contacto consigo, tentando resolver a quest\u00e3o da melhor maneira poss\u00edvel para ambas as partes.<\/p>\n<\/div>\n\t\t\n\t\t\t\n\t\t\n\t\t\t\n\t\t\n\t\t\t\n\t\t\n\t\t\t\n\t\t\n\t\t\t\n\t\t\n\t\t\t\n\t\t\n\t\t\t\n\t\t\n\t\t\t\n\t\t\n\t<\/div>\n\n<\/div><div  class=\"ewd-ufaq-faq-div ewd-ufaq-faq-column-count-one ewd-ufaq-faq-responsive-columns- ewd-ufaq-faq-display-style-default ewd-ufaq-can-be-toggled\" id='ewd-ufaq-post-124-yWdFRJskD4' data-post_id='124'>\n\n\t<div class='ewd-ufaq-faq-title ewd-ufaq-faq-toggle'>\n\t\n\t<a class='ewd-ufaq-post-margin'  href='#'>\n\n\t\t<div class='ewd-ufaq-post-margin-symbol ewd-ufaq-'>\n\t\t\t<span >a<\/span>\n\t\t<\/div>\n\n\t\t<div class='ewd-ufaq-faq-title-text'>\n\n\t\t\t<h4>\n\t\t\t\tOs pre\u00e7os incluem IVA?\t\t\t<\/h4>\n\n\t\t<\/div>\n\n\t\t<div class='ewd-ufaq-clear'><\/div>\n\n\t<\/a>\n\t\n<\/div>\n\t\n\t<div class='ewd-ufaq-faq-body ewd-ufaq-hidden' >\n\n\t\t\n\t\t\t\n\t\t\n\t\t\t<div class='ewd-ufaq-post-margin ewd-ufaq-faq-post'>\n\t\n<p>Salvo indica\u00e7\u00e3o em contr\u00e1rio, todos os pre\u00e7os listados na nossa Loja Online j\u00e1 incluem IVA.<\/p>\n<\/div>\n\t\t\n\t\t\t\n\t\t\n\t\t\t\n\t\t\n\t\t\t\n\t\t\n\t\t\t\n\t\t\n\t\t\t\n\t\t\n\t\t\t\n\t\t\n\t\t\t\n\t\t\n\t\t\t\n\t\t\n\t<\/div>\n\n<\/div><\/div>\n\n<\/div>\n<div id='ewd-ufaq-faq-category-3-envios-e-devolucoes' class='ewd-ufaq-faq-category'>\n\t\n\t<div class='ewd-ufaq-faq-category-title '  >\n\t\t\n\t\t<h3 title=\"Click here to open Envios e Devolu\u00e7\u00f5es\">\n\t\t\tEnvios e Devolu\u00e7\u00f5es\t\t\t\t\t<\/h3>\n\t\n\t<\/div>\n\t\n\t<div class='ewd-ufaq-faq-category-inner ' >\n<div  class=\"ewd-ufaq-faq-div ewd-ufaq-faq-column-count-one ewd-ufaq-faq-responsive-columns- ewd-ufaq-faq-display-style-default ewd-ufaq-can-be-toggled\" id='ewd-ufaq-post-125-QZREUW8pHS' data-post_id='125'>\n\n\t<div class='ewd-ufaq-faq-title ewd-ufaq-faq-toggle'>\n\t\n\t<a class='ewd-ufaq-post-margin'  href='#'>\n\n\t\t<div class='ewd-ufaq-post-margin-symbol ewd-ufaq-'>\n\t\t\t<span >a<\/span>\n\t\t<\/div>\n\n\t\t<div class='ewd-ufaq-faq-title-text'>\n\n\t\t\t<h4>\n\t\t\t\tA minha encomenda chegou danificada\u2026 e agora?\t\t\t<\/h4>\n\n\t\t<\/div>\n\n\t\t<div class='ewd-ufaq-clear'><\/div>\n\n\t<\/a>\n\t\n<\/div>\n\t\n\t<div class='ewd-ufaq-faq-body ewd-ufaq-hidden' >\n\n\t\t\n\t\t\t\n\t\t\n\t\t\t<div class='ewd-ufaq-post-margin ewd-ufaq-faq-post'>\n\t\n<p>Se no acto da entrega verificar algum dano na encomenda, deve de imediato solicitar que a mesma seja levada de volta pela empresa de transportes, indicando o motivo da devolu\u00e7\u00e3o na repectiva Guia de Remessa.<br>Posteriormente, deve entrar em contacto connosco com a maior das brevidades, para conseguirmos regularizar a situa\u00e7\u00e3o de forma expedita.<\/p>\n<\/div>\n\t\t\n\t\t\t\n\t\t\n\t\t\t\n\t\t\n\t\t\t\n\t\t\n\t\t\t\n\t\t\n\t\t\t\n\t\t\n\t\t\t\n\t\t\n\t\t\t\n\t\t\n\t\t\t\n\t\t\n\t<\/div>\n\n<\/div><div  class=\"ewd-ufaq-faq-div ewd-ufaq-faq-column-count-one ewd-ufaq-faq-responsive-columns- ewd-ufaq-faq-display-style-default ewd-ufaq-can-be-toggled\" id='ewd-ufaq-post-126-n2GdipBw4R' data-post_id='126'>\n\n\t<div class='ewd-ufaq-faq-title ewd-ufaq-faq-toggle'>\n\t\n\t<a class='ewd-ufaq-post-margin'  href='#'>\n\n\t\t<div class='ewd-ufaq-post-margin-symbol ewd-ufaq-'>\n\t\t\t<span >a<\/span>\n\t\t<\/div>\n\n\t\t<div class='ewd-ufaq-faq-title-text'>\n\n\t\t\t<h4>\n\t\t\t\tQual o prazo de entrega da encomenda?\t\t\t<\/h4>\n\n\t\t<\/div>\n\n\t\t<div class='ewd-ufaq-clear'><\/div>\n\n\t<\/a>\n\t\n<\/div>\n\t\n\t<div class='ewd-ufaq-faq-body ewd-ufaq-hidden' >\n\n\t\t\n\t\t\t\n\t\t\n\t\t\t<div class='ewd-ufaq-post-margin ewd-ufaq-faq-post'>\n\t\n<p>Dependendo do m\u00e9todo de envio e\/ou algum atraso expecional nos servi\u00e7os das transportadoras, dever\u00e1 receber os nosso n\u00e9ctares entre 24 a 72 horas. Caso n\u00e3o receba a encomenda no prazo de 4 dias, por favor entre em contacto connosco.<\/p>\n<\/div>\n\t\t\n\t\t\t\n\t\t\n\t\t\t\n\t\t\n\t\t\t\n\t\t\n\t\t\t\n\t\t\n\t\t\t\n\t\t\n\t\t\t\n\t\t\n\t\t\t\n\t\t\n\t\t\t\n\t\t\n\t<\/div>\n\n<\/div><div  class=\"ewd-ufaq-faq-div ewd-ufaq-faq-column-count-one ewd-ufaq-faq-responsive-columns- ewd-ufaq-faq-display-style-default ewd-ufaq-can-be-toggled\" id='ewd-ufaq-post-127-tbYxug2FXS' data-post_id='127'>\n\n\t<div class='ewd-ufaq-faq-title ewd-ufaq-faq-toggle'>\n\t\n\t<a class='ewd-ufaq-post-margin'  href='#'>\n\n\t\t<div class='ewd-ufaq-post-margin-symbol ewd-ufaq-'>\n\t\t\t<span >a<\/span>\n\t\t<\/div>\n\n\t\t<div class='ewd-ufaq-faq-title-text'>\n\n\t\t\t<h4>\n\t\t\t\tComo posso acompanhar o envio da minha encomenda?\t\t\t<\/h4>\n\n\t\t<\/div>\n\n\t\t<div class='ewd-ufaq-clear'><\/div>\n\n\t<\/a>\n\t\n<\/div>\n\t\n\t<div class='ewd-ufaq-faq-body ewd-ufaq-hidden' >\n\n\t\t\n\t\t\t\n\t\t\n\t\t\t<div class='ewd-ufaq-post-margin ewd-ufaq-faq-post'>\n\t\n<p>Caso o m\u00e9todo de envio escolhido seja o de uma tranportadora, assim que expedida, encontrar\u00e1 na ficha da sua encomenda o n\u00famero de seguimento da respectiva encomenda.<br>Se tiver seleccionado a entrega em regi\u00f5es onde estamos a entregar pessoalmente, por favor entre em contacto connosco para saber a previs\u00e3o de entrega.<\/p>\n<\/div>\n\t\t\n\t\t\t\n\t\t\n\t\t\t\n\t\t\n\t\t\t\n\t\t\n\t\t\t\n\t\t\n\t\t\t\n\t\t\n\t\t\t\n\t\t\n\t\t\t\n\t\t\n\t\t\t\n\t\t\n\t<\/div>\n\n<\/div><div  class=\"ewd-ufaq-faq-div ewd-ufaq-faq-column-count-one ewd-ufaq-faq-responsive-columns- ewd-ufaq-faq-display-style-default ewd-ufaq-can-be-toggled\" id='ewd-ufaq-post-128-GYahUR22vF' data-post_id='128'>\n\n\t<div class='ewd-ufaq-faq-title ewd-ufaq-faq-toggle'>\n\t\n\t<a class='ewd-ufaq-post-margin'  href='#'>\n\n\t\t<div class='ewd-ufaq-post-margin-symbol ewd-ufaq-'>\n\t\t\t<span >a<\/span>\n\t\t<\/div>\n\n\t\t<div class='ewd-ufaq-faq-title-text'>\n\n\t\t\t<h4>\n\t\t\t\tQuando ser\u00e1 enviada a minha encomenda?\t\t\t<\/h4>\n\n\t\t<\/div>\n\n\t\t<div class='ewd-ufaq-clear'><\/div>\n\n\t<\/a>\n\t\n<\/div>\n\t\n\t<div class='ewd-ufaq-faq-body ewd-ufaq-hidden' >\n\n\t\t\n\t\t\t\n\t\t\n\t\t\t<div class='ewd-ufaq-post-margin ewd-ufaq-faq-post'>\n\t\n<p>As encomendas recebidas na nossa Loja Online s\u00f3 ser\u00e3o processadas ap\u00f3s liquida\u00e7\u00e3o do pagamento das mesmas.<br>Regra geral, as encomendas ser\u00e3o expedidas no prazo m\u00e1ximo de 2 dias \u00fateis ap\u00f3s confirma\u00e7\u00e3o do pagamento.<\/p>\n<\/div>\n\t\t\n\t\t\t\n\t\t\n\t\t\t\n\t\t\n\t\t\t\n\t\t\n\t\t\t\n\t\t\n\t\t\t\n\t\t\n\t\t\t\n\t\t\n\t\t\t\n\t\t\n\t\t\t\n\t\t\n\t<\/div>\n\n<\/div><div  class=\"ewd-ufaq-faq-div ewd-ufaq-faq-column-count-one ewd-ufaq-faq-responsive-columns- ewd-ufaq-faq-display-style-default ewd-ufaq-can-be-toggled\" id='ewd-ufaq-post-129-1dhjtxJvWN' data-post_id='129'>\n\n\t<div class='ewd-ufaq-faq-title ewd-ufaq-faq-toggle'>\n\t\n\t<a class='ewd-ufaq-post-margin'  href='#'>\n\n\t\t<div class='ewd-ufaq-post-margin-symbol ewd-ufaq-'>\n\t\t\t<span >a<\/span>\n\t\t<\/div>\n\n\t\t<div class='ewd-ufaq-faq-title-text'>\n\n\t\t\t<h4>\n\t\t\t\tQual o custo dos portes de envio? Podem ser gr\u00e1tis?\t\t\t<\/h4>\n\n\t\t<\/div>\n\n\t\t<div class='ewd-ufaq-clear'><\/div>\n\n\t<\/a>\n\t\n<\/div>\n\t\n\t<div class='ewd-ufaq-faq-body ewd-ufaq-hidden' >\n\n\t\t\n\t\t\t\n\t\t\n\t\t\t<div class='ewd-ufaq-post-margin ewd-ufaq-faq-post'>\n\t\n<p>Dependendo das quantidades e da morada de entrega, o custo do transporte das encomendas pode variar e at\u00e9 ser gr\u00e1tis. Poder\u00e1 simular esse mesmo custo visitando a p\u00e1gina <a href=\"https:\/\/www.corgadacha.pt\/loja\/carrinho\/\">Carrinho de Compras<\/a> e introduzir o Distrito e C\u00f3digo Postal da morada onde quer receber os nossos vinhos.<br><br>De momento estamos com Entregas Gratuitas nas encomendas que cumprem as seguintes condi\u00e7\u00f5es:<br>&#8211; Encomendas de valor superior a 50\u20ac, para entrega em Portugal Continental;<br>&#8211; Encomendas para entrega em &#8220;Zonas Corga&#8221;: (Distrito do Porto; Distrito de Aveiro; Distrito de Santar\u00e9m, apenas no concelho de Abrantes)<\/p>\n\n\n\n<p><br><\/p>\n<\/div>\n\t\t\n\t\t\t\n\t\t\n\t\t\t\n\t\t\n\t\t\t\n\t\t\n\t\t\t\n\t\t\n\t\t\t\n\t\t\n\t\t\t\n\t\t\n\t\t\t\n\t\t\n\t\t\t\n\t\t\n\t<\/div>\n\n<\/div><div  class=\"ewd-ufaq-faq-div ewd-ufaq-faq-column-count-one ewd-ufaq-faq-responsive-columns- ewd-ufaq-faq-display-style-default ewd-ufaq-can-be-toggled\" id='ewd-ufaq-post-130-042we5E8Kn' data-post_id='130'>\n\n\t<div class='ewd-ufaq-faq-title ewd-ufaq-faq-toggle'>\n\t\n\t<a class='ewd-ufaq-post-margin'  href='#'>\n\n\t\t<div class='ewd-ufaq-post-margin-symbol ewd-ufaq-'>\n\t\t\t<span >a<\/span>\n\t\t<\/div>\n\n\t\t<div class='ewd-ufaq-faq-title-text'>\n\n\t\t\t<h4>\n\t\t\t\tO que s\u00e3o &#8220;Zonas Corga&#8221;?\t\t\t<\/h4>\n\n\t\t<\/div>\n\n\t\t<div class='ewd-ufaq-clear'><\/div>\n\n\t<\/a>\n\t\n<\/div>\n\t\n\t<div class='ewd-ufaq-faq-body ewd-ufaq-hidden' >\n\n\t\t\n\t\t\t\n\t\t\n\t\t\t<div class='ewd-ufaq-post-margin ewd-ufaq-faq-post'>\n\t\n<p>Por detr\u00e1s deste projecto est\u00e1 uma grande fam\u00edlia, em n\u00famero e esp\u00edrito de entreajuda, que se uniu ainda mais perante as vicissitudes dos tempos actuais. Estes novos desafios, fizeram-nos juntar esfor\u00e7os e criar  pequenas &#8220;Zonas Corga&#8221;, bolsas geogr\u00e1ficas onde alguns de n\u00f3s ir\u00e3o conseguir entregar pessoalmente os nossos vinhos.<br>Estas &#8220;Zonas Corga&#8221; poder\u00e3o sofrer algumas altera\u00e7\u00f5es no futuro, mas as mesmas ser\u00e3o reflectidas de forma autom\u00e1tica no c\u00e1lculo dos portes no carrinho de compras.<br><br>De momento as &#8220;Zonas Corga&#8221; com entrega pessoal ou atrav\u00e9s de parceiros especiais s\u00e3o:<br>&#8211; Todo o Distrito do Porto<br>&#8211; Todo o Distrito de Aveiro<br>&#8211; Concelho de Abrantes (Distrito de Santar\u00e9m)<\/p>\n<\/div>\n\t\t\n\t\t\t\n\t\t\n\t\t\t\n\t\t\n\t\t\t\n\t\t\n\t\t\t\n\t\t\n\t\t\t\n\t\t\n\t\t\t\n\t\t\n\t\t\t\n\t\t\n\t\t\t\n\t\t\n\t<\/div>\n\n<\/div><\/div>\n\n<\/div>\n\n\t<\/div>\n\n\t\n<\/div>","protected":false},"excerpt":{"rendered":"","protected":false},"author":1,"featured_media":0,"parent":0,"menu_order":0,"comment_status":"closed","ping_status":"closed","template":"","meta":{"footnotes":""},"class_list":["post-120","page","type-page","status-publish","hentry"],"_links":{"self":[{"href":"https:\/\/corgadacha.com\/store\/wp-json\/wp\/v2\/pages\/120","targetHints":{"allow":["GET"]}}],"collection":[{"href":"https:\/\/corgadacha.com\/store\/wp-json\/wp\/v2\/pages"}],"about":[{"href":"https:\/\/corgadacha.com\/store\/wp-json\/wp\/v2\/types\/page"}],"author":[{"embeddable":true,"href":"https:\/\/corgadacha.com\/store\/wp-json\/wp\/v2\/users\/1"}],"replies":[{"embeddable":true,"href":"https:\/\/corgadacha.com\/store\/wp-json\/wp\/v2\/comments?post=120"}],"version-history":[{"count":1,"href":"https:\/\/corgadacha.com\/store\/wp-json\/wp\/v2\/pages\/120\/revisions"}],"predecessor-version":[{"id":121,"href":"https:\/\/corgadacha.com\/store\/wp-json\/wp\/v2\/pages\/120\/revisions\/121"}],"wp:attachment":[{"href":"https:\/\/corgadacha.com\/store\/wp-json\/wp\/v2\/media?parent=120"}],"curies":[{"name":"wp","href":"https:\/\/api.w.org\/{rel}","templated":true}]}}