{"id":131,"date":"2023-07-27T16:30:31","date_gmt":"2023-07-27T16:30:31","guid":{"rendered":"https:\/\/corgadacha.com\/store\/?page_id=131"},"modified":"2023-07-27T16:30:31","modified_gmt":"2023-07-27T16:30:31","slug":"politica-de-privacidade","status":"publish","type":"page","link":"https:\/\/corgadacha.com\/store\/politica-de-privacidade\/","title":{"rendered":"Pol\u00edtica de Privacidade"},"content":{"rendered":"\n<p>Ao aceder e usar este Website o Utilizador admite ter lido, compreendido e aceite estes termos e condi\u00e7\u00f5es.<br><br>O Website da Corga da Ch\u00e3 &#8211; Sociedade Agr\u00edcola, Lda n\u00e3o recolhe automaticamente qualquer tipo de informa\u00e7\u00e3o pessoal dos utilizadores que n\u00e3o se encontrem registados, permitindo assim que os visitantes naveguem anonimamente. Contudo, no \u00e2mbito desta Pol\u00edtica de Privacidade, a disponibiliza\u00e7\u00e3o dos seus dados pessoais implica o conhecimento e aceita\u00e7\u00e3o das condi\u00e7\u00f5es aqui constantes, pelo que o aconselhamos a ler a mesma.<br><br>Esta Pol\u00edtica de Privacidade aplica-se exclusivamente \u00e0 recolha e tratamento de dados pessoais efetuados pela Corga da Ch\u00e3 &#8211; Sociedade Agr\u00edcola, Lda. Quaisquer hiperliga\u00e7\u00f5es para websites externos \u00e0 Corga da Ch\u00e3 &#8211; Sociedade Agr\u00edcola, Lda n\u00e3o est\u00e3o abrangidos pela presente declara\u00e7\u00e3o de privacidade, n\u00e3o sendo da sua responsabilidade.<br><br>Nos termos do Regulamento Geral da Prote\u00e7\u00e3o de Dados (Regulamento 2016\/679 do Parlamento Europeu e do Conselho, de 27 de abril de 2016), a presente Pol\u00edtica de Privacidade regula a eventual recolha e tratamento, designadamente o consentimento, relativamente a dados pessoais recolhidos ou fornecidos pelos utilizadores em qualquer parte do site (www.corgadacha.pt) assim como o exerc\u00edcio dos seus direitos relativamente a estes dados.<\/p>\n\n\n\n<h3 class=\"wp-block-heading\">I &#8211; DADOS PESSOAIS<\/h3>\n\n\n\n<p>Para efeitos do disposto nos artigos 2.\u00ba e 4.\u00ba do Regulamento Geral da Prote\u00e7\u00e3o de Dados, dados pessoais constituem toda e qualquer informa\u00e7\u00e3o, de qualquer natureza e independentemente do respetivo suporte, incluindo som e imagem, relativa a uma pessoa singular identificada ou identific\u00e1vel.<br>\u00c9 considerada identific\u00e1vel a pessoa singular que possa ser identificada direta ou indiretamente, em especial por refer\u00eancia a um nome, n\u00famero de identifica\u00e7\u00e3o, dados de localiza\u00e7\u00e3o, identificadores por via eletr\u00f3nica ou a um ou mais elementos espec\u00edficos da sua identidade f\u00edsica, fisiol\u00f3gica, gen\u00e9tica, mental, econ\u00f3mica, cultural ou social dessa pessoa singular.<br><br>Sempre que no cumprimento de obriga\u00e7\u00e3o legal ou de forma volunt\u00e1ria e por iniciativa do utilizador forem disponibilizados dados sens\u00edveis, assumimos o seu consentimento expl\u00edcito, livre e inequ\u00edvoco para tratarmos essa informa\u00e7\u00e3o relativamente \u00e0s finalidades para as quais foram fornecidas.<\/p>\n\n\n\n<h3 class=\"wp-block-heading\">II &#8211; RESPONS\u00c1VEL PELO TRATAMENTO DE DADOS<\/h3>\n\n\n\n<p>No \u00e2mbito do artigo 4.\u00ba, al\u00ednea 7), o respons\u00e1vel pela recolha e tratamento dos dados pessoais \u00e9 Nuno Gomes, que no contexto, decide quais os dados recolhidos, as finalidades e os meios de tratamento desses dados. O contacto do respons\u00e1vel pelo tratamento de dados \u00e9 o seguinte: nunogomes@corgadacha.pt<\/p>\n\n\n\n<h3 class=\"wp-block-heading\">III- TIPO DE DADOS PESSOAIS RECOLHIDOS, FINALIDADES e TRATAMENTO<\/h3>\n\n\n\n<p>Corga da Ch\u00e3 &#8211; Sociedade Agr\u00edcola, Lda, no \u00e2mbito da sua atividade, procede \u00e0 recolha e ao tratamento dos dados pessoais necess\u00e1rios ao processamento das encomendas e comunica\u00e7\u00e3o com os Clientes, processamento de pedidos de informa\u00e7\u00e3o e de eventuais reclama\u00e7\u00f5es, an\u00e1lise estat\u00edstica, bem como a respectiva utiliza\u00e7\u00e3o para efeitos de marketing direto, tratando nesse \u00e2mbito dados como: nome, moradas, pa\u00eds, n\u00famero de telefone, n\u00famero de contribuinte, endere\u00e7o de correio eletr\u00f3nico, data de nascimento e interesses pessoais sobre bebidas alco\u00f3licas.<br><br>Os dados pessoais recolhidos s\u00e3o tratados por meios automatizados ou n\u00e3o automatizados e no estrito cumprimento Regulamento Geral da Prote\u00e7\u00e3o de Dados, sendo armazenados em base de dados espec\u00edfica, criada para o efeito e que garante a sua seguran\u00e7a e confidencialidade de acordo com as medidas de tecnologia da informa\u00e7\u00e3o, t\u00e9cnicas e organizacionais aceites, por forma a proteger da perda, altera\u00e7\u00e3o, destrui\u00e7\u00e3o, uso indevido em geral ou que os dados recolhidos sejam utilizados para outra finalidade que n\u00e3o seja aquela para a qual foi dado o consentimento por parte do titular dos dados.<br><br>Ao preencher no nosso website qualquer um dos formul\u00e1rios dispon\u00edveis para os fins acima descritos, consideramos prestado o seu consentimento consciente, expresso e inequ\u00edvoco para a ativa\u00e7\u00e3o, utiliza\u00e7\u00e3o e tratamento subsequente dos dados pessoais a\u00ed inscritos.<br><br>\u00c9 da total responsabilidade do cliente fornecer e manter as informa\u00e7\u00f5es corretas, acuais e completas no registo, colocar em lugar seguro a sua palavra-passe e identifica\u00e7\u00e3o. O titular dos dados tem a \u00fanica responsabilidade da prote\u00e7\u00e3o, backup e equipamento adequados usados na liga\u00e7\u00e3o a este Website.<\/p>\n\n\n\n<h3 class=\"wp-block-heading\">IV &#8211; FINALIDADES DO TRATAMENTO DOS DADOS PESSOAIS<\/h3>\n\n\n\n<p>A finalidade do tratamento dos dados pessoais consiste na gest\u00e3o e processamento de encomendas, comunica\u00e7\u00e3o com os Clientes para diversos efeitos, incluindo campanhas de marketing, processamento de pedidos de informa\u00e7\u00e3o e de eventuais reclama\u00e7\u00f5es.<br><br>Periodicamente, a Corga da Ch\u00e3 &#8211; Sociedade Agr\u00edcola, Lda poder\u00e1 utilizar os dados de contacto disponibilizados para fornecer informa\u00e7\u00f5es que considera relevantes, sendo sempre permitido ao Titular dos Dados deixar de receber esse tipo de informa\u00e7\u00e3o, nos termos do artigo 17.\u00ba do Regulamento Geral da Prote\u00e7\u00e3o de Dados.<br><br>Os dados s\u00e3o recolhidos tamb\u00e9m para uso exclusivo das atividades de marketing da Corga da Ch\u00e3 &#8211; Sociedade Agr\u00edcola, Lda, para fins de compila\u00e7\u00e3o de estat\u00edsticas agregadas, m\u00e9tricas e elementos sobre tend\u00eancias generalizadas para o melhoramento e otimiza\u00e7\u00e3o de campanhas publicit\u00e1rias e para outros fins de marketing, promocionais e de an\u00e1lise.<\/p>\n\n\n\n<h3 class=\"wp-block-heading\">V &#8211; TEMPO DE CONSERVA\u00c7\u00c3O<\/h3>\n\n\n\n<p>O per\u00edodo de tempo durante o qual os dados s\u00e3o armazenados e conservados varia em fun\u00e7\u00e3o da finalidade para a qual a informa\u00e7\u00e3o \u00e9 tratada e de acordo com as obriga\u00e7\u00f5es e requisitos legais eventualmente aplic\u00e1veis, e que obriguem a conservar os dados por um per\u00edodo de tempo m\u00ednimo.<br><br>Sempre que n\u00e3o exista uma obriga\u00e7\u00e3o legal espec\u00edfica, os dados ser\u00e3o armazenados e conservados apenas pelo per\u00edodo m\u00ednimo necess\u00e1rio para as finalidades que motivaram a sua recolha ou o seu posterior tratamento, findo o qual os mesmos ser\u00e3o eliminados.<br><br>A qualquer momento poder\u00e1 o titular dos dados pessoais, nos termos do artigo 17.\u00ba do Regulamento Geral da Prote\u00e7\u00e3o de Dados, exercer o seu direito ao apagamento dos seus dados da base de dados da Corga da Ch\u00e3 &#8211; Sociedade Agr\u00edcola, Lda, devendo tal pedido ser solicitado atrav\u00e9s do envio de e-mail para o seguinte endere\u00e7o de correio eletr\u00f3nico: nunogomes@corgadacha.pt<\/p>\n\n\n\n<h2 class=\"wp-block-heading\">VI &#8211; ACESSO, ATUALIZA\u00c7\u00c3O, RETIFICA\u00c7\u00c3O, OPOSI\u00c7\u00c3O, LIMITA\u00c7\u00c3O, REMO\u00c7\u00c3O E PORTABILIDADE DOS DADOS PESSOAIS<\/h2>\n\n\n\n<p>De harmonia com o disposto no cap\u00edtulo III do Regulamento Geral da Prote\u00e7\u00e3o de Dados, qualquer pedido de acesso, atualiza\u00e7\u00e3o, retifica\u00e7\u00e3o, oposi\u00e7\u00e3o, limita\u00e7\u00e3o, remo\u00e7\u00e3o, portabilidade ou n\u00e3o sujei\u00e7\u00e3o a decis\u00f5es individuais automatizadas aos seus dados pessoais, pode ser requerido por contacto direto com a Corga da Ch\u00e3 &#8211; Sociedade Agr\u00edcola, Lda ou atrav\u00e9s do endere\u00e7o de correio eletr\u00f3nico: loja@corgadacha.pt, indicando o assunto: \u201cAltera\u00e7\u00e3o, Oposi\u00e7\u00e3o, Apagamento ou Portabilidade de dados pessoais\u201d.<\/p>\n\n\n\n<h2 class=\"wp-block-heading\">VII &#8211; OPOSI\u00c7\u00c3O \u00c0 RECEP\u00c7\u00c3O DE CONTACTOS PARA FINS DE MARKETING<\/h2>\n\n\n\n<p>A Corga da Ch\u00e3 &#8211; Sociedade Agr\u00edcola, Lda pode promover a\u00e7\u00f5es de divulga\u00e7\u00e3o, promo\u00e7\u00e3o e marketing, salvo se o Titular dos dados pessoais a tal se opuser no momento da recolha dos dados.<br><br>Caso tenha dado o seu consentimento, relembramos que, caso n\u00e3o pretenda rececionar mais comunica\u00e7\u00f5es desta natureza pode opor-se, a qualquer momento, \u00e0 utiliza\u00e7\u00e3o dos seus dados para fins de marketing e envio de comunica\u00e7\u00f5es informativas, devendo para tal, enviar pedido dirigido \u00e0 Corga da Ch\u00e3 &#8211; Sociedade Agr\u00edcola, Lda, atrav\u00e9s do endere\u00e7o de correio eletr\u00f3nico: loja@corgadacha.pt, indicando o assunto: \u201cOposi\u00e7\u00e3o \u00e0 rece\u00e7\u00e3o de contactos para fins de Marketing\u201d.<\/p>\n\n\n\n<h2 class=\"wp-block-heading\">VIII &#8211; COMUNICA\u00c7\u00c3O DE DADOS A OUTRAS ENTIDADES (TERCEIROS E SUBCONTRATADOS)<\/h2>\n\n\n\n<p>A Corga da Ch\u00e3 &#8211; Sociedade Agr\u00edcola, Lda, n\u00e3o partilha os dados pessoais dos utilizadores com terceiros.<br><br>Na eventualidade de o vir a fazer, f\u00e1-lo-\u00e1 unicamente com entidades com quem tenha estabelecido uma rela\u00e7\u00e3o contratual que preveja o tratamento confidencial destes dados de acordo com a declara\u00e7\u00e3o de privacidade da Corga da Ch\u00e3 &#8211; Sociedade Agr\u00edcola, Lda.<br><br>A Corga da Ch\u00e3 &#8211; Sociedade Agr\u00edcola, Lda poder\u00e1 comunicar os seus dados pessoais a terceiros desde que, para o efeito, tenha obtido de forma inequ\u00edvoca o consentimento dos Titulares dos Dados ou ainda quando:<br>a) a transmiss\u00e3o seja efetuada no \u00e2mbito do cumprimento de uma obriga\u00e7\u00e3o legal, de uma delibera\u00e7\u00e3o da Comiss\u00e3o Nacional de Prote\u00e7\u00e3o de Dados ou de uma ordem judicial ou b) a comunica\u00e7\u00e3o seja levada a efeito para proteger interesses vitais dos Titulares dos Dados ou qualquer outra finalidade leg\u00edtima prevista na lei.<br><br>Qualquer entidade subcontratada pela Corga da Ch\u00e3 &#8211; Sociedade Agr\u00edcola, Lda tratar\u00e1 os dados pessoais recolhidos e tratados, em nome e por conta da GCorga da Ch\u00e3 &#8211; Sociedade Agr\u00edcola, Lda na obriga\u00e7\u00e3o de adotar as medidas t\u00e9cnicas e organizacionais necess\u00e1rias de forma a proteger os dados pessoais contra a destrui\u00e7\u00e3o, acidental ou il\u00edcita, a perda acidental, a altera\u00e7\u00e3o, a difus\u00e3o ou o acesso n\u00e3o autorizado e contra qualquer outra forma de tratamento il\u00edcito, de acordo com o previsto no Regulamento Geral da Prote\u00e7\u00e3o de Dados.<br><br>Em qualquer dos casos, a Corga da Ch\u00e3 &#8211; Sociedade Agr\u00edcola, Lda permanecer\u00e1 como respons\u00e1vel pelos dados pessoais recolhidos.<\/p>\n\n\n\n<h2 class=\"wp-block-heading\">IX &#8211; COOKIES<\/h2>\n\n\n\n<p>Cookies s\u00e3o ficheiros de dados que um website envia para o seu computador enquanto est\u00e1 a visitar um site. Estes ficheiros de dados incluem informa\u00e7\u00e3o que permite ao site memorizar dados importantes para tornar a sua utiliza\u00e7\u00e3o do site mais eficiente e com a finalidade de personalizar as visitas.<br><br>Os cookies ser\u00e3o utilizados apenas para contabilizar o n\u00famero de visitas ao Website e n\u00e3o identificam o cliente, nem guardam nem recolhem informa\u00e7\u00e3o do cliente.<br><br>Todos os utilizadores que naveguem no nosso site aceitam \u00e0 partida a utiliza\u00e7\u00e3o de cookies, a qual \u00e9 controlada pelo cliente atrav\u00e9s do browser.<\/p>\n\n\n\n<h2 class=\"wp-block-heading\">X &#8211; ALTERA\u00c7\u00d5ES \u00c0 POL\u00cdTICA DE PRIVACIDADE<\/h2>\n\n\n\n<p>A Corga da Ch\u00e3 &#8211; Sociedade Agr\u00edcola, Lda reserva-se no direito de, no futuro, alterar, total ou parcialmente a sua pol\u00edtica de privacidade, sem qualquer aviso pr\u00e9vio, mas sem preju\u00edzo dos direitos legais conferidos aos titulares dos dados.<\/p>\n\n\n\n<hr class=\"wp-block-separator has-css-opacity\"\/>\n\n\n\n<p>Todos os conte\u00fados presentes neste website, textos, imagens e outras informa\u00e7\u00f5es s\u00e3o propriedade exclusiva da Corga da Ch\u00e3 &#8211; Sociedade Agr\u00edcola, Lda, protegidos pela legisla\u00e7\u00e3o em vigor relativamente aos direitos de propriedade intelectual, n\u00e3o sendo autorizada qualquer c\u00f3pia, reprodu\u00e7\u00e3o, difus\u00e3o, modifica\u00e7\u00e3o ou qualquer uso, comercial ou n\u00e3o, de qualquer conte\u00fado deste site, pelo que, a Corga da Ch\u00e3 &#8211; Sociedade Agr\u00edcola, Lda reserva o direito de proceder judicialmente contra os autores de utiliza\u00e7\u00e3o n\u00e3o autorizada do conte\u00fado deste Website.<\/p>\n\n\n\n<p>Para o esclarecimento de d\u00favidas e informa\u00e7\u00f5es adicionais, por favor entre em contacto com a Corga da Ch\u00e3 &#8211; Sociedade Agr\u00edcola, Lda atrav\u00e9s do email loja@corgadacha.pt ou do n\u00fameros de telefone 967 063 495 \/ 966 054 139 \/ 918 684 725.<\/p>\n","protected":false},"excerpt":{"rendered":"<p>Ao aceder e usar este Website o Utilizador admite ter lido, compreendido e aceite estes termos e condi\u00e7\u00f5es. O Website da Corga da Ch\u00e3 &#8211; Sociedade Agr\u00edcola, Lda n\u00e3o recolhe automaticamente qualquer tipo de informa\u00e7\u00e3o pessoal dos utilizadores que n\u00e3o se encontrem registados, permitindo assim que os visitantes naveguem anonimamente. Contudo, no \u00e2mbito desta Pol\u00edtica [&hellip;]<\/p>\n","protected":false},"author":1,"featured_media":0,"parent":0,"menu_order":0,"comment_status":"closed","ping_status":"closed","template":"","meta":{"footnotes":""},"class_list":["post-131","page","type-page","status-publish","hentry"],"_links":{"self":[{"href":"https:\/\/corgadacha.com\/store\/wp-json\/wp\/v2\/pages\/131","targetHints":{"allow":["GET"]}}],"collection":[{"href":"https:\/\/corgadacha.com\/store\/wp-json\/wp\/v2\/pages"}],"about":[{"href":"https:\/\/corgadacha.com\/store\/wp-json\/wp\/v2\/types\/page"}],"author":[{"embeddable":true,"href":"https:\/\/corgadacha.com\/store\/wp-json\/wp\/v2\/users\/1"}],"replies":[{"embeddable":true,"href":"https:\/\/corgadacha.com\/store\/wp-json\/wp\/v2\/comments?post=131"}],"version-history":[{"count":1,"href":"https:\/\/corgadacha.com\/store\/wp-json\/wp\/v2\/pages\/131\/revisions"}],"predecessor-version":[{"id":132,"href":"https:\/\/corgadacha.com\/store\/wp-json\/wp\/v2\/pages\/131\/revisions\/132"}],"wp:attachment":[{"href":"https:\/\/corgadacha.com\/store\/wp-json\/wp\/v2\/media?parent=131"}],"curies":[{"name":"wp","href":"https:\/\/api.w.org\/{rel}","templated":true}]}}