{"id":12,"date":"2023-07-27T11:40:55","date_gmt":"2023-07-27T11:40:55","guid":{"rendered":"https:\/\/corgadacha.com\/store\/?post_type=product&#038;p=12"},"modified":"2025-07-02T15:12:32","modified_gmt":"2025-07-02T15:12:32","slug":"corga-da-cha-rose","status":"publish","type":"product","link":"https:\/\/corgadacha.com\/store\/produto\/corga-da-cha-rose\/","title":{"rendered":"Corga da Ch\u00e3 Ros\u00e9"},"content":{"rendered":"","protected":false},"excerpt":{"rendered":"<p>A Corga da Ch\u00e3 estabeleceu uma parceria com um produtor da regi\u00e3o dos vinhos verdes para produzir um vinho ros\u00e9 de qualidade a partir das melhores castas.<\/p>\n<p><strong><span class=\"sub\">Casta<\/span><\/strong><br \/>\nProduzido com uvas da casta Vinh\u00e3o e Espadeiro.<\/p>\n<p><strong><span class=\"sub\">Vinifica\u00e7\u00e3o<\/span><\/strong><br \/>\nA vinifica\u00e7\u00e3o \u00e9 efectuada pelo m\u00e9todo de prensagem das uvas a baixa press\u00e3o, seguida de uma fermenta\u00e7\u00e3o alco\u00f3lica a temperaturas controladas entre os 10 e 12\u00baC. O vinho \u00e9 filtrado e estabilizado pela ac\u00e7\u00e3o do frio, antes do seu engarrafamento.<\/p>\n<p><strong><span class=\"sub\">Notas de Prova<\/span><\/strong><br \/>\nCor rosada e aspecto l\u00edmpido. Fresco, jovem e elegante, revela-se bastante frutado, sobressaindo no nariz notas de framboesa e morangos. Na boca continua evidente a fruta vermelha, conjugada com uma acidez equilibrada e um final harmonioso.<\/p>\n<p><strong><span class=\"sub\">Teor Alco\u00f3lico<\/span><\/strong><br \/>\nColheita 2022 &#8211; 11,7%<\/p>\n<p><strong><span class=\"tit\">INFORMA\u00c7\u00d5ES DE CONSUMO<\/span><\/strong><\/p>\n<p><strong><span class=\"sub\">Pratos<\/span><\/strong><br \/>\nServido como aperitivo ou acompanhado refei\u00e7\u00f5es ligeiras (peixe, marisco, carnes brancas ou saladas).<\/p>\n<p><strong><span class=\"sub\">Temperatura Servi\u00e7o<\/span><\/strong><br \/>\n10 a 12\u00baC.<\/p>\n","protected":false},"featured_media":13,"template":"","meta":[],"product_cat":[17,16],"product_tag":[18],"class_list":["post-12","product","type-product","status-publish","has-post-thumbnail","hentry","product_cat-rose","product_cat-vinho-verde","product_tag-rose"],"_links":{"self":[{"href":"https:\/\/corgadacha.com\/store\/wp-json\/wp\/v2\/product\/12","targetHints":{"allow":["GET"]}}],"collection":[{"href":"https:\/\/corgadacha.com\/store\/wp-json\/wp\/v2\/product"}],"about":[{"href":"https:\/\/corgadacha.com\/store\/wp-json\/wp\/v2\/types\/product"}],"wp:featuredmedia":[{"embeddable":true,"href":"https:\/\/corgadacha.com\/store\/wp-json\/wp\/v2\/media\/13"}],"wp:attachment":[{"href":"https:\/\/corgadacha.com\/store\/wp-json\/wp\/v2\/media?parent=12"}],"wp:term":[{"taxonomy":"product_cat","embeddable":true,"href":"https:\/\/corgadacha.com\/store\/wp-json\/wp\/v2\/product_cat?post=12"},{"taxonomy":"product_tag","embeddable":true,"href":"https:\/\/corgadacha.com\/store\/wp-json\/wp\/v2\/product_tag?post=12"}],"curies":[{"name":"wp","href":"https:\/\/api.w.org\/{rel}","templated":true}]}}