{"id":54,"date":"2023-07-27T12:49:19","date_gmt":"2023-07-27T12:49:19","guid":{"rendered":"https:\/\/corgadacha.com\/store\/?post_type=product&#038;p=54"},"modified":"2025-12-27T22:22:22","modified_gmt":"2025-12-27T22:22:22","slug":"corga-da-cha-vinhao","status":"publish","type":"product","link":"https:\/\/corgadacha.com\/store\/produto\/corga-da-cha-vinhao\/","title":{"rendered":"Corga da Ch\u00e3 Vinh\u00e3o"},"content":{"rendered":"","protected":false},"excerpt":{"rendered":"<p>A Corga da Ch\u00e3 estabeleceu uma parceria familiar com um produtor vizinho para produzir um vinho tinto de qualidade a partir das melhores uvas da casta Vinh\u00e3o.<\/p>\n<p><strong><span class=\"sub\">Casta<\/span><\/strong><br \/>\nProduzido com uvas da casta Vinh\u00e3o<\/p>\n<p><strong><span class=\"sub\">Vinifica\u00e7\u00e3o<\/span><\/strong><br \/>\nA vinifica\u00e7\u00e3o \u00e9 efectuada pelo m\u00e9todo tradicional. \u00c0 pisa a p\u00e9 segue-se a fermenta\u00e7\u00e3o em lagares de granito.<\/p>\n<p><strong><span class=\"sub\">Notas de Prova<\/span><\/strong><br \/>\nTem uma cor tremenda viol\u00e1cea, aroma profundo e apetec\u00edvel, lembrando amoras bem maduras, alguma especiaria. Macio e encorpado na boca, gordo mas com muito boa acidez, com taninos domados, \u00e9 um vinho fresco, sumarento e apetec\u00edvel.<\/p>\n<p><strong><span class=\"sub\">Teor Alco\u00f3lico<\/span><\/strong><br \/>\nColheita 2022 &#8211; 11,6%<\/p>\n<p><span class=\"tit\"><strong>INFORMA\u00c7\u00d5ES DE CONSUMO<\/strong><br \/>\n<\/span><span class=\"sub\"><br \/>\n<\/span><strong><span class=\"sub\">Pratos<\/span><\/strong><br \/>\n\u00c9 um tinto exclusivamente para a mesa e deve acompanhar pratos fortes da comida tradicional portuguesa como a lampreia, o leit\u00e3o ou o cabrito.<\/p>\n<p><strong><span class=\"sub\">Temperatura Servi\u00e7o<\/span><\/strong><br \/>\n10 a 12\u00baC.<\/p>\n","protected":false},"featured_media":18,"template":"","meta":[],"product_cat":[19,16],"product_tag":[20],"class_list":["post-54","product","type-product","status-publish","has-post-thumbnail","hentry","product_cat-tinto","product_cat-vinho-verde","product_tag-vinhao"],"_links":{"self":[{"href":"https:\/\/corgadacha.com\/store\/wp-json\/wp\/v2\/product\/54","targetHints":{"allow":["GET"]}}],"collection":[{"href":"https:\/\/corgadacha.com\/store\/wp-json\/wp\/v2\/product"}],"about":[{"href":"https:\/\/corgadacha.com\/store\/wp-json\/wp\/v2\/types\/product"}],"wp:featuredmedia":[{"embeddable":true,"href":"https:\/\/corgadacha.com\/store\/wp-json\/wp\/v2\/media\/18"}],"wp:attachment":[{"href":"https:\/\/corgadacha.com\/store\/wp-json\/wp\/v2\/media?parent=54"}],"wp:term":[{"taxonomy":"product_cat","embeddable":true,"href":"https:\/\/corgadacha.com\/store\/wp-json\/wp\/v2\/product_cat?post=54"},{"taxonomy":"product_tag","embeddable":true,"href":"https:\/\/corgadacha.com\/store\/wp-json\/wp\/v2\/product_tag?post=54"}],"curies":[{"name":"wp","href":"https:\/\/api.w.org\/{rel}","templated":true}]}}