{"id":55,"date":"2023-07-27T12:55:43","date_gmt":"2023-07-27T12:55:43","guid":{"rendered":"https:\/\/corgadacha.com\/store\/?post_type=product&#038;p=55"},"modified":"2025-07-02T15:13:34","modified_gmt":"2025-07-02T15:13:34","slug":"corga-da-cha-colheita-seleccionada","status":"publish","type":"product","link":"https:\/\/corgadacha.com\/store\/produto\/corga-da-cha-colheita-seleccionada\/","title":{"rendered":"Corga da Ch\u00e3 Colheita Seleccionada"},"content":{"rendered":"","protected":false},"excerpt":{"rendered":"<p>Feito a partir das castas tradicionais e mais representativas da Regi\u00e3o dos Vinhos Verdes, este branco da Corga da Ch\u00e3 \u00e9 um vinho leve, pouco cal\u00f3rico, fresco e com aromas essencialmente c\u00edtricos.<\/p>\n<p><strong><span class=\"sub\">Casta<\/span><\/strong><br \/>\nProduzido com uvas da casta Arinto, Trajadura, Loureiro e Fern\u00e3o Pires.<\/p>\n<p><strong><span class=\"sub\">Vinifica\u00e7\u00e3o<\/span><\/strong><br \/>\nA vinifica\u00e7\u00e3o \u00e9 efectuada pelo m\u00e9todo de prensagem das uvas a baixa press\u00e3o, seguida de uma fermenta\u00e7\u00e3o alco\u00f3lica a temperaturas controladas entre os 10 e 12\u00baC. O vinho \u00e9 filtrado e estabilizado pela ac\u00e7\u00e3o do frio, antes do seu engarrafamento.<\/p>\n<p><strong><span class=\"sub\">Notas de Prova<\/span><\/strong><br \/>\nBoa express\u00e3o arom\u00e1tica, com notas florais agrad\u00e1veis e um toque citrino a compor o conjunto. Muito vivo na boca, o ligeiro g\u00e1s at\u00e9 ajuda a essa vivacidade. \u00c9 um branco que combina na perfei\u00e7\u00e3o com peixe grelhado e mariscos pouco cozinhados.<\/p>\n<p><strong><span class=\"sub\">Teor Alco\u00f3lico<\/span><\/strong><br \/>\nColheita 2022 &#8211; 11,9%<\/p>\n<p><span class=\"tit\"><strong>INFORMA\u00c7\u00d5ES DE CONSUMO<\/strong><br \/>\n<\/span><span class=\"sub\"><br \/>\n<\/span><strong><span class=\"sub\">Pratos<\/span><\/strong><br \/>\nPeixe, marisco, carnes brancas, saladas ou servido como aperitivo.<\/p>\n<p><strong><span class=\"sub\">Temperatura Servi\u00e7o<\/span><\/strong><br \/>\n8 a 10\u00baC.<\/p>\n","protected":false},"featured_media":16,"template":"","meta":[],"product_cat":[21,16],"product_tag":[],"class_list":["post-55","product","type-product","status-publish","has-post-thumbnail","hentry","product_cat-branco","product_cat-vinho-verde"],"_links":{"self":[{"href":"https:\/\/corgadacha.com\/store\/wp-json\/wp\/v2\/product\/55","targetHints":{"allow":["GET"]}}],"collection":[{"href":"https:\/\/corgadacha.com\/store\/wp-json\/wp\/v2\/product"}],"about":[{"href":"https:\/\/corgadacha.com\/store\/wp-json\/wp\/v2\/types\/product"}],"wp:featuredmedia":[{"embeddable":true,"href":"https:\/\/corgadacha.com\/store\/wp-json\/wp\/v2\/media\/16"}],"wp:attachment":[{"href":"https:\/\/corgadacha.com\/store\/wp-json\/wp\/v2\/media?parent=55"}],"wp:term":[{"taxonomy":"product_cat","embeddable":true,"href":"https:\/\/corgadacha.com\/store\/wp-json\/wp\/v2\/product_cat?post=55"},{"taxonomy":"product_tag","embeddable":true,"href":"https:\/\/corgadacha.com\/store\/wp-json\/wp\/v2\/product_tag?post=55"}],"curies":[{"name":"wp","href":"https:\/\/api.w.org\/{rel}","templated":true}]}}