{"id":56,"date":"2023-07-27T12:59:26","date_gmt":"2023-07-27T12:59:26","guid":{"rendered":"https:\/\/corgadacha.com\/store\/?post_type=product&#038;p=56"},"modified":"2025-07-02T15:13:18","modified_gmt":"2025-07-02T15:13:18","slug":"corga-da-cha-alvarinho-arinto","status":"publish","type":"product","link":"https:\/\/corgadacha.com\/store\/produto\/corga-da-cha-alvarinho-arinto\/","title":{"rendered":"Corga da Ch\u00e3 Alvarinho &#038; Arinto"},"content":{"rendered":"","protected":false},"excerpt":{"rendered":"<p>O Alvarinho\/Arinto \u00e9 um vinho nascido em exclusivo na Quinta da Corga da Ch\u00e3. \u00c9 o resultado da harmonia perfeita entre os aromas florais da casta Alvarinho e a acidez equilibrada do Arinto. Produto de uma criteriosa selec\u00e7\u00e3o das uvas destas castas, um perfeito equil\u00edbrio entre tecnologia e tradi\u00e7\u00e3o. As suas quantidades s\u00e3o controladas para garantir a qualidade a que j\u00e1 habitou os consumidores de Corga da Ch\u00e3.<\/p>\n<p><strong><span class=\"sub\">Casta<\/span><\/strong><br \/>\nProduzido com as melhores uvas das castas Alvarinho e Arinto da Quinta da Corga da Ch\u00e3.<\/p>\n<p><strong><span class=\"sub\">Vinifica\u00e7\u00e3o<\/span><\/strong><br \/>\nA vinifica\u00e7\u00e3o \u00e9 efectuada pelo m\u00e9todo de prensagem das uvas a baixa press\u00e3o, seguida de uma fermenta\u00e7\u00e3o alco\u00f3lica a temperaturas controladas entre os 10 e 12\u00baC. O vinho \u00e9 filtrado e estabilizado pela ac\u00e7\u00e3o do frio, antes do seu engarrafamento.<\/p>\n<p><strong><span class=\"sub\">Notas de Prova<\/span><\/strong><br \/>\nSente-se bem a casta Alvarinho no aroma intenso e elegante, com muita fruta ex\u00f3tica (anan\u00e1s, l\u00edxia, maracuj\u00e1) equilibrada pela fruta c\u00edtrica do Arinto. \u00c9 um branco equilibrado, muito limpo, com fruto de grande qualidade e uma frescura que perdura ao longo de toda a prova.<\/p>\n<p><strong><span class=\"sub\">Teor Alco\u00f3lico<\/span><\/strong><br \/>\nColheita 2018 &#8211; 12,5%<\/p>\n<p><span class=\"tit\"><strong>INFORMA\u00c7\u00d5ES CONSUMO<\/strong><br \/>\n<\/span><span class=\"sub\"><br \/>\n<\/span><strong><span class=\"sub\">Pratos<\/span><\/strong><br \/>\nPeixe, marisco ou servido como aperitivo.<\/p>\n<p><strong><span class=\"sub\">Temperatura Servi\u00e7o<\/span><\/strong><br \/>\n8 a 10\u00baC.<\/p>\n","protected":false},"featured_media":19,"template":"","meta":[],"product_cat":[21,16],"product_tag":[24,22,23],"class_list":["post-56","product","type-product","status-publish","has-post-thumbnail","hentry","product_cat-branco","product_cat-vinho-verde","product_tag-alvarinho","product_tag-arinto","product_tag-branco"],"_links":{"self":[{"href":"https:\/\/corgadacha.com\/store\/wp-json\/wp\/v2\/product\/56","targetHints":{"allow":["GET"]}}],"collection":[{"href":"https:\/\/corgadacha.com\/store\/wp-json\/wp\/v2\/product"}],"about":[{"href":"https:\/\/corgadacha.com\/store\/wp-json\/wp\/v2\/types\/product"}],"wp:featuredmedia":[{"embeddable":true,"href":"https:\/\/corgadacha.com\/store\/wp-json\/wp\/v2\/media\/19"}],"wp:attachment":[{"href":"https:\/\/corgadacha.com\/store\/wp-json\/wp\/v2\/media?parent=56"}],"wp:term":[{"taxonomy":"product_cat","embeddable":true,"href":"https:\/\/corgadacha.com\/store\/wp-json\/wp\/v2\/product_cat?post=56"},{"taxonomy":"product_tag","embeddable":true,"href":"https:\/\/corgadacha.com\/store\/wp-json\/wp\/v2\/product_tag?post=56"}],"curies":[{"name":"wp","href":"https:\/\/api.w.org\/{rel}","templated":true}]}}