{"id":57,"date":"2023-07-27T13:01:45","date_gmt":"2023-07-27T13:01:45","guid":{"rendered":"https:\/\/corgadacha.com\/store\/?post_type=product&#038;p=57"},"modified":"2025-07-02T15:12:55","modified_gmt":"2025-07-02T15:12:55","slug":"corga-da-cha-trajadura","status":"publish","type":"product","link":"https:\/\/corgadacha.com\/store\/produto\/corga-da-cha-trajadura\/","title":{"rendered":"Corga da Ch\u00e3 Trajadura"},"content":{"rendered":"","protected":false},"excerpt":{"rendered":"<p>O Trajadura \u00e9 um vinho nascido em exclusivo na Quinta da Corga da Ch\u00e3. \u00c9 o resultado de uma criteriosa selec\u00e7\u00e3o das uvas desta casta e \u00e9 feito aliando a tecnologia com a tradi\u00e7\u00e3o. As suas quantidades s\u00e3o controladas para garantir a qualidade a que j\u00e1 habitou os consumidores de Corga da Ch\u00e3.<\/p>\n<p><strong><span class=\"sub\">Casta<\/span><\/strong><br \/>\nProduzido com as melhores uvas da casta Trajadura da Quinta da Corga da Ch\u00e3.<\/p>\n<p><strong><span class=\"sub\">Vinifica\u00e7\u00e3o<\/span><\/strong><br \/>\nA vinifica\u00e7\u00e3o \u00e9 efectuada pelo m\u00e9todo de prensagem das uvas a baixa press\u00e3o, seguida de uma fermenta\u00e7\u00e3o alco\u00f3lica a temperaturas controladas entre os 10 e 12\u00baC. O vinho \u00e9 filtrado e estabilizado pela ac\u00e7\u00e3o do frio, antes do seu engarrafamento.<\/p>\n<p><strong><span class=\"sub\">Notas de Prova<\/span><\/strong><br \/>\nEste Corga da Ch\u00e3 apresenta uma bela cor lim\u00e3o e revela aromas sugestivos de banana e manga. Na boca \u00e9 muito fresco, envolvente, persistente e distingue-se por um belo equil\u00edbrio entre a componente da fruta e a acidez.<\/p>\n<p><strong><span class=\"sub\">Teor Alco\u00f3lico<\/span><\/strong><br \/>\nColheita 2022 &#8211; 12,3%<\/p>\n<p><strong><span class=\"tit\">INFORMA\u00c7\u00d5ES DE CONSUMO<\/span><\/strong><\/p>\n<p><strong><span class=\"sub\">Pratos<\/span><\/strong><br \/>\nPeixe, marisco, carnes brancas, comida Italiana ou servido como apertitivo.<\/p>\n<p><strong><span class=\"sub\">Temperatura Servi\u00e7o<\/span><\/strong><br \/>\n8 a 10\u00baC.<\/p>\n","protected":false},"featured_media":20,"template":"","meta":[],"product_cat":[21,16],"product_tag":[23,25],"class_list":["post-57","product","type-product","status-publish","has-post-thumbnail","hentry","product_cat-branco","product_cat-vinho-verde","product_tag-branco","product_tag-trajadura"],"_links":{"self":[{"href":"https:\/\/corgadacha.com\/store\/wp-json\/wp\/v2\/product\/57","targetHints":{"allow":["GET"]}}],"collection":[{"href":"https:\/\/corgadacha.com\/store\/wp-json\/wp\/v2\/product"}],"about":[{"href":"https:\/\/corgadacha.com\/store\/wp-json\/wp\/v2\/types\/product"}],"wp:featuredmedia":[{"embeddable":true,"href":"https:\/\/corgadacha.com\/store\/wp-json\/wp\/v2\/media\/20"}],"wp:attachment":[{"href":"https:\/\/corgadacha.com\/store\/wp-json\/wp\/v2\/media?parent=57"}],"wp:term":[{"taxonomy":"product_cat","embeddable":true,"href":"https:\/\/corgadacha.com\/store\/wp-json\/wp\/v2\/product_cat?post=57"},{"taxonomy":"product_tag","embeddable":true,"href":"https:\/\/corgadacha.com\/store\/wp-json\/wp\/v2\/product_tag?post=57"}],"curies":[{"name":"wp","href":"https:\/\/api.w.org\/{rel}","templated":true}]}}